{"id":140,"date":"2018-07-19T20:28:43","date_gmt":"2018-07-19T20:28:43","guid":{"rendered":"https:\/\/juegolimpio.fandaluzabm.org\/?page_id=140"},"modified":"2018-07-24T11:54:53","modified_gmt":"2018-07-24T11:54:53","slug":"actuaciones-temporada-2017-2018","status":"publish","type":"page","link":"https:\/\/juegolimpio.fandaluzabm.org\/?page_id=140","title":{"rendered":"Actuaciones Temporada 2017 &#8211; 2018"},"content":{"rendered":"<p>Durante la temporada 2017\/2018 se han realizado las siguientes actuaciones enmarcadas dentro del programa para el desarrollo del JUEGO LIMPIO \u00abJuega, respeta y disfruta\u00bb:<\/p>\n<p><strong><em><u>ACTUACI\u00d3N 1: CADEBAS. PREMIOS EQUIPOS \u201cJUEGO LIMPIO\u201d, MANIFIESTO Y RECOMENDACIONES.<\/u><\/em><\/strong><\/p>\n<ul>\n<li><em><u>Desarrollo:<\/u><\/em> En los CADEBAS de la temporada 2017\/2018 se desarrollaron las siguientes acciones:<\/li>\n<\/ul>\n<p>+ Premios \u201cJuego limpio\u201d a los equipos. Trofeo y recuerdo (mochila y camiseta) (ver punto 4 del programa).<\/p>\n<p>+ Lectura en los partidos de semifinales y finales del Manifiesto sobre el Juego limpio (10 normas).<\/p>\n<p>+ Colocaci\u00f3n de carteler\u00eda alusiva al Juego limpio en los pabellones de juego.<\/p>\n<p>+ Colocaci\u00f3n en los asientos de las gradas de recomendaciones para familiares y p\u00fablico en general sobre el comportamiento durante los encuentros.\u00a0Se realiz\u00f3 una INFOGRAF\u00cdA que completaba las recomendaciones entregadas la temporada anterior.<\/p>\n<p>+ Inclusi\u00f3n en los Boletines 0 de recomendaciones para jugadores y t\u00e9cnicos.<\/p>\n<ul>\n<li><em><u>Dirigida a:<\/u><\/em> Jugadores, jugadoras, t\u00e9cnicos y p\u00fablico en general.<\/li>\n<li><em><u>Temporalizaci\u00f3n:<\/u><\/em> Abril y mayo de 2018.<\/li>\n<\/ul>\n<p><strong><em><u>ACTUACI\u00d3N 2: VISIBILIDAD DEL JUEGO LIMPIO. LA WEB.<\/u><\/em><\/strong><\/p>\n<ul>\n<li><em><u>Desarrollo:<\/u><\/em> Publicaci\u00f3n en la Web de la FABM de las distintas actuaciones que se han llevado a cabo durante la temporada para fomentar el Juego limpio.<\/li>\n<li><em><u>Dirigida a:<\/u><\/em> Todos los estamentos pertenecientes a esta federaci\u00f3n y p\u00fablico en general.<\/li>\n<\/ul>\n<p><em><u>Temporalizaci\u00f3n:<\/u><\/em> Toda la temporada 2017\/2018.<\/p>\n<p><strong><em><u>ACTUACI\u00d3N 7: MODIFICACI\u00d3N\u00a0 Y VISUALIZACI\u00d3N DE LAS 10 NORMAS SOBRE JUEGO LIMPIO DE LA FABM.<\/u><\/em><\/strong><\/p>\n<ul>\n<li><em><u>Desarrollo:<\/u><\/em> Se realiz\u00f3 un <a href=\"https:\/\/juegolimpio.fandaluzabm.org\/?page_id=35\">SPOT<\/a> para difundir el dec\u00e1logo sobre el JUEGO LIMPIO a trav\u00e9s de nuestro canal youtube. Este video se grab\u00f3 durante el campeonato de selecciones provinciales celebrado en Pozoblanco en octubre de 2017. Este video se dio a conocer en Almu\u00f1ecar, durante la presentaci\u00f3n de las selecciones andaluzas que participar\u00edan posteriormente en el CESA 2018.<\/li>\n<li><em><u>Dirigida a:<\/u><\/em> Todos los estamentos de la FABM.<\/li>\n<li><em><u>Temporalizaci\u00f3n:<\/u><\/em>\u00a0Octubre de 2017.<\/li>\n<\/ul>\n<p><strong><em><u>ACTUACI\u00d3N 8: MANUALES DEL JUEGO LIMPIO DE LA FABM.<\/u><\/em><\/strong><\/p>\n<ul>\n<li><em><u>Desarrollo:<\/u><\/em>\u00a0Se han elaborado dos manuales, uno dirigido al estamento arbitral y otro al estamento de t\u00e9cnicos, para que sirvan en posteriores encuentros o reuniones en las delegaciones provinciales o clubes en general en los que se traten aspectos sobre Juego limpio. Adem\u00e1s, se expuso el manual del programa para \u00e1rbitros en el clinic de los \u00e1rbitros y las \u00e1rbitras de categor\u00eda nacional celebrado en Granada en septiembre de 2017<\/li>\n<li><em><u>Dirigida a:<\/u><\/em> Todos los estamentos pero fundamentalmente t\u00e9cnicos y \u00e1rbitros.<\/li>\n<li><em><u>Temporalizaci\u00f3n:<\/u><\/em> Temporada 2017\/2018.<\/li>\n<\/ul>\n<p>OTRAS ACTUACIONES: ELABORACI\u00d3N DEL SPOT \u00abEMOCI\u00d3NATE CON EL BALONMANO\u00bb<\/p>\n<ul>\n<li>Desarrollo: Se ha grabado un <a href=\"https:\/\/juegolimpio.fandaluzabm.org\/?page_id=35\">V\u00cdDEO<\/a> donde se ha pretendido poner en valor aquellos aspectos de la competici\u00f3n que tienen que ver con los sentimientos y las emociones. Las grabaciones se realizaron durante los cadeba infantil y cadete, participando en las mismas jugadores y jugadoras, entrenadores y entrenadoras, \u00e1rbitros y \u00e1rbitras y padres y madres.<\/li>\n<li>Dirigido a:\u00a0Todos los estamentos<\/li>\n<li>Temporalizaci\u00f3n: Abril y mayo de 2018.<\/li>\n<\/ul>\n","protected":false},"excerpt":{"rendered":"<p>Durante la temporada 2017\/2018 se han realizado las siguientes actuaciones enmarcadas dentro del programa para el desarrollo del JUEGO LIMPIO \u00abJuega, respeta [&hellip;]<\/p>\n","protected":false},"author":2,"featured_media":0,"parent":0,"menu_order":0,"comment_status":"closed","ping_status":"closed","template":"","meta":{"footnotes":""},"class_list":["post-140","page","type-page","status-publish","hentry"],"_links":{"self":[{"href":"https:\/\/juegolimpio.fandaluzabm.org\/index.php?rest_route=\/wp\/v2\/pages\/140","targetHints":{"allow":["GET"]}}],"collection":[{"href":"https:\/\/juegolimpio.fandaluzabm.org\/index.php?rest_route=\/wp\/v2\/pages"}],"about":[{"href":"https:\/\/juegolimpio.fandaluzabm.org\/index.php?rest_route=\/wp\/v2\/types\/page"}],"author":[{"embeddable":true,"href":"https:\/\/juegolimpio.fandaluzabm.org\/index.php?rest_route=\/wp\/v2\/users\/2"}],"replies":[{"embeddable":true,"href":"https:\/\/juegolimpio.fandaluzabm.org\/index.php?rest_route=%2Fwp%2Fv2%2Fcomments&post=140"}],"version-history":[{"count":3,"href":"https:\/\/juegolimpio.fandaluzabm.org\/index.php?rest_route=\/wp\/v2\/pages\/140\/revisions"}],"predecessor-version":[{"id":197,"href":"https:\/\/juegolimpio.fandaluzabm.org\/index.php?rest_route=\/wp\/v2\/pages\/140\/revisions\/197"}],"wp:attachment":[{"href":"https:\/\/juegolimpio.fandaluzabm.org\/index.php?rest_route=%2Fwp%2Fv2%2Fmedia&parent=140"}],"curies":[{"name":"wp","href":"https:\/\/api.w.org\/{rel}","templated":true}]}}