{"id":31,"date":"2018-07-17T06:26:40","date_gmt":"2018-07-17T06:26:40","guid":{"rendered":"https:\/\/juegolimpio.fandaluzabm.org\/?page_id=31"},"modified":"2018-08-28T16:51:29","modified_gmt":"2018-08-28T16:51:29","slug":"enlaces","status":"publish","type":"page","link":"https:\/\/juegolimpio.fandaluzabm.org\/?page_id=31","title":{"rendered":"Enlaces"},"content":{"rendered":"<ul>\n<li><a href=\"https:\/\/www.facebook.com\/aristossoccer.net\/videos\/2211388088902012\/\">Entrenadores F\u00fatbol Base. Consejo para los Padres<\/a><\/li>\n<li><a href=\"https:\/\/cronicasdeunpueblo.es\/art\/32854\/el-entrenador-del-balonmano-sporting-la-garrovilla-protagoniza-un-gesto-de-deportividad-aplaudido-en-redes-sociales\">El Entrenador del BM Sporting La Garrovilla protagoniza un gesto de deportividad. Cronicadeunpueblo.com<\/a><\/li>\n<li><a href=\"http:\/\/videos.marca.com\/v\/0_fix1kune-el-magnifico-gesto-de-deportividad-de-un-jugador-juvenil-de-la-salle-de-cordoba-de-balonmano?count=0\">Magnifico gesto de deportividad de un jugador juvenil de la Salle de C\u00f3rdoba de BM. Marca.com<\/a><\/li>\n<li><a href=\"https:\/\/www.practicodeporte.com\/balonmano-ejemplo-juego-limpio\/\">El Balonmano se convierte en ejemplo del Juego Limio. Practicodeporte.com<\/a><\/li>\n<li><a href=\"http:\/\/www.marca.com\/2015\/11\/02\/balonmano\/1446495840.html\">La mejor \u00abdefensa\u00bb de Vukovic. Marca.com<\/a><\/li>\n<li><a href=\"http:\/\/www.juntadeandalucia.es\/presidencia\/portavoz\/cultura\/127761\/junta\/impulsa\/distintivo\/buenas\/practicas\/deporte\/promover\/educacion\/valores\/futbol\/base\">El distintivo \u00abBuenas Pr\u00e1cticas en el Deporte\u00bb promover\u00e1 la educaci\u00f3n en valores en el F\u00fatbol base.<\/a><\/li>\n<li><a href=\"http:\/\/www.deporteuniversitarioandaluz.org\/wp-content\/uploads\/2016\/12\/TROFEO-ANDALUCIA-JUEGA-LIMPIO-ed01-12-12-2016.pdf\">Los Campeonatos de Andaluc\u00eda Universitario crea el \u00abTROFEO ANDALUC\u00cdA JUEGA LIMPIO\u00bb C.A.U.<\/a><\/li>\n<li>\n<p id=\"titulo-5b851f28e2704e1b748b4575\" class=\"js-headline izquierda\"><a href=\"http:\/\/www.marca.com\/otros-deportes\/2018\/08\/28\/5b851f28e2704e1b748b4575.html\">Noruega pide la descalificaci\u00f3n de su pirag\u00fcista y que el bronce sea para Hernanz<\/a><\/p>\n<\/li>\n<\/ul>\n<p>&nbsp;<\/p>\n","protected":false},"excerpt":{"rendered":"<p>Entrenadores F\u00fatbol Base. Consejo para los Padres El Entrenador del BM Sporting La Garrovilla protagoniza un gesto de deportividad. Cronicadeunpueblo.com Magnifico gesto [&hellip;]<\/p>\n","protected":false},"author":1,"featured_media":0,"parent":0,"menu_order":0,"comment_status":"closed","ping_status":"closed","template":"","meta":{"footnotes":""},"class_list":["post-31","page","type-page","status-publish","hentry"],"_links":{"self":[{"href":"https:\/\/juegolimpio.fandaluzabm.org\/index.php?rest_route=\/wp\/v2\/pages\/31","targetHints":{"allow":["GET"]}}],"collection":[{"href":"https:\/\/juegolimpio.fandaluzabm.org\/index.php?rest_route=\/wp\/v2\/pages"}],"about":[{"href":"https:\/\/juegolimpio.fandaluzabm.org\/index.php?rest_route=\/wp\/v2\/types\/page"}],"author":[{"embeddable":true,"href":"https:\/\/juegolimpio.fandaluzabm.org\/index.php?rest_route=\/wp\/v2\/users\/1"}],"replies":[{"embeddable":true,"href":"https:\/\/juegolimpio.fandaluzabm.org\/index.php?rest_route=%2Fwp%2Fv2%2Fcomments&post=31"}],"version-history":[{"count":15,"href":"https:\/\/juegolimpio.fandaluzabm.org\/index.php?rest_route=\/wp\/v2\/pages\/31\/revisions"}],"predecessor-version":[{"id":285,"href":"https:\/\/juegolimpio.fandaluzabm.org\/index.php?rest_route=\/wp\/v2\/pages\/31\/revisions\/285"}],"wp:attachment":[{"href":"https:\/\/juegolimpio.fandaluzabm.org\/index.php?rest_route=%2Fwp%2Fv2%2Fmedia&parent=31"}],"curies":[{"name":"wp","href":"https:\/\/api.w.org\/{rel}","templated":true}]}}